{"id":3110,"date":"2025-06-06T12:15:16","date_gmt":"2025-06-06T12:15:16","guid":{"rendered":"http:\/\/15.236.125.251\/?page_id=3110"},"modified":"2025-11-20T10:15:00","modified_gmt":"2025-11-20T09:15:00","slug":"mentions-legales","status":"publish","type":"page","link":"https:\/\/mondial.tv\/en\/mentions-legales\/","title":{"rendered":"Legal Notice"},"content":{"rendered":"<div data-elementor-type=\"wp-page\" data-elementor-id=\"3110\" class=\"elementor elementor-3110\" data-elementor-post-type=\"page\">\n\t\t\t\t<div class=\"elementor-element elementor-element-287a6f2 e-flex e-con-boxed e-con e-parent\" data-id=\"287a6f2\" data-element_type=\"container\" data-e-type=\"container\">\n\t\t\t\t\t<div class=\"e-con-inner\">\n\t\t\t\t<div class=\"elementor-element elementor-element-52e93444 elementor-widget elementor-widget-text-editor\" data-id=\"52e93444\" data-element_type=\"widget\" data-e-type=\"widget\" data-widget_type=\"text-editor.default\">\n\t\t\t\t<div class=\"elementor-widget-container\">\n\t\t\t\t\t\t\t\t\t\n<h1 class=\"wp-block-heading\">LEGAL NOTICE<\/h1>\n<h3>Identification of the publisher and host of the website<\/h3>\n<p>The website\u00a0<a class=\"\" href=\"https:\/\/mondial.tv\/en\/\">https:\/\/www.mondial.tv<\/a>\u00a0is published by Mondial TV SASU, with a share capital of \u20ac30,000, registered with the Cr\u00e9teil Trade Registry under number 88501318500016, with its registered office at 14 \u2013 16 Avenue Louison Bobet, 94120 Fontenay-sous-Bois.<\/p>\n<p>EU VAT number: FR 90 885013185.<\/p>\n<p>Director of publication: S\u00e9bastien Bachellier, President of Mondial TV SASU, reachable at 01 84 800 111 or at the address contact@mondial-tv.fr.<\/p>\n<p>The website is hosted by 1and1 Ionos, 7 Place de la Gare, 57200 Sarreguemines. Information concerning the collection and processing of personal data (policy and declaration) is provided in the website's personal data charter.<\/p>\n<h3>Mediation<\/h3>\n<p>In accordance with Article L. 612-1 of the Consumer Code, within one year of their written complaint, the consumer, subject to Article L.152-2 of the Consumer Code, has the right to initiate a request for amicable resolution through mediation, with<\/p>\n<p>Mediator contact details: MEDIATION SOLUTION \u2013 www.sasmediationsolution-conso.fr-<\/p>\n<p>Postal address:<\/p>\n<p>MEDIATION SOLUTION<\/p>\n<p>222 Chem. de la Bergerie, 01800 Saint-Jean-de-Niost<\/p>\n<p>email:\u00a0<u>\u00a0<\/u><a class=\"\" href=\"mailto:contact@sasmediationsolution-conso.fr\">contact@sasmediationsolution-conso.fr<\/a><\/p>\n<p>In accordance with the provisions of the Consumer Code (Articles L.111-1 and L.612-1 of the Consumer Code) concerning the consumer dispute mediation process, the client has the right to use the mediation service offered by the establishment free of charge.<\/p>\n<h3>Opposition to telephone canvassing<\/h3>\n<p>In accordance with the provisions of the Consumer Code (Article L. 223-2 of the Consumer Code), when a professional collects telephone data from a consumer, they inform them of their right to register on the \"Bloctel\" anti-telemarketing list, on which you can register here:\u00a0<a class=\"\" href=\"https:\/\/www.bloctel.gouv.fr\/\">https:\/\/www.bloctel.gouv.fr<\/a><\/p>\t\t\t\t\t\t\t\t<\/div>\n\t\t\t\t<\/div>\n\t\t\t\t\t<\/div>\n\t\t\t\t<\/div>\n\t\t\t\t<\/div>","protected":false},"excerpt":{"rendered":"<p>MENTIONS L\u00c9GALES Identification de l\u2019\u00e9diteur et de l\u2019h\u00e9bergeur du site Le site\u00a0https:\/\/www.mondial.tv\u00a0est \u00e9dit\u00e9 par Mondial TV SASU, au capital de 30 000 \u20ac, immatricul\u00e9 au RCS de Cr\u00e9teil sous le num\u00e9ro 88501318500016, dont le si\u00e8ge social est sis au 14 \u2013 16 Avenue Louison Bobet, 94120 Fontenay sous-bois. N\u00b0 de TVA intracommunautaire : FR 90 [&hellip;]<\/p>\n","protected":false},"author":1,"featured_media":0,"parent":0,"menu_order":0,"comment_status":"closed","ping_status":"closed","template":"elementor_header_footer","meta":{"footnotes":""},"class_list":["post-3110","page","type-page","status-publish","hentry"],"aioseo_notices":[],"jetpack_sharing_enabled":true,"_links":{"self":[{"href":"https:\/\/mondial.tv\/en\/wp-json\/wp\/v2\/pages\/3110","targetHints":{"allow":["GET"]}}],"collection":[{"href":"https:\/\/mondial.tv\/en\/wp-json\/wp\/v2\/pages"}],"about":[{"href":"https:\/\/mondial.tv\/en\/wp-json\/wp\/v2\/types\/page"}],"author":[{"embeddable":true,"href":"https:\/\/mondial.tv\/en\/wp-json\/wp\/v2\/users\/1"}],"replies":[{"embeddable":true,"href":"https:\/\/mondial.tv\/en\/wp-json\/wp\/v2\/comments?post=3110"}],"version-history":[{"count":0,"href":"https:\/\/mondial.tv\/en\/wp-json\/wp\/v2\/pages\/3110\/revisions"}],"wp:attachment":[{"href":"https:\/\/mondial.tv\/en\/wp-json\/wp\/v2\/media?parent=3110"}],"curies":[{"name":"wp","href":"https:\/\/api.w.org\/{rel}","templated":true}]}}