{"id":615,"date":"2023-08-10T12:08:14","date_gmt":"2023-08-10T10:08:14","guid":{"rendered":"https:\/\/themexriver.com\/wp\/telnet-wp\/?post_type=product&#038;p=615"},"modified":"2026-04-09T00:03:01","modified_gmt":"2026-04-08T22:03:01","slug":"abonnement-annuel","status":"publish","type":"product","link":"https:\/\/mondial.tv\/en\/product\/abonnement-annuel\/","title":{"rendered":"Mondial TV Annual"},"content":{"rendered":"<p><!-- ========== DESCRIPTION LONGUE ========== --><\/p>\n<div style=\"--primary: #667eea;--secondary: #764ba2;--accent: #FFD700;--text: #333;font-family: 'Helvetica Neue', Arial, sans-serif;line-height: 1.7;color: var(--text)\">\n<p><!-- HERO --><\/p>\n<div style=\"background: linear-gradient(135deg, #667eea 0%, #764ba2 100%);color: #fff !important;padding: 24px;border-radius: 12px;margin-bottom: 22px;text-align: center\">\n<h2 style=\"margin: 0 0 10px;font-weight: 800;color: #ffd700;font-size: 24px\">\ud83d\udcfa Mondial TV+ Annuel<\/h2>\n<p style=\"margin: 0;font-size: 20px;color: #fff !important\"><strong style=\"font-size: 28px\">79\u20ac\/an<\/strong><br \/>\n<span style=\"opacity: 0.85;font-size: 16px\">soit seulement 6,58\u20ac\/mois<\/span><\/p>\n<p style=\"margin: 10px 0 0;opacity: 0.9;color: #fff !important\">L&rsquo;abonnement pour profiter toute l&rsquo;ann\u00e9e en toute tranquillit\u00e9<\/p>\n<\/div>\n<p><!-- Pr\u00e9sentation --><\/p>\n<p style=\"color: #333;font-size: 16px\">Avec <strong>Mondial TV+ Annual<\/strong>, acc\u00e9dez \u00e0 un univers complet de divertissement :<br \/>\n<strong>over 200 French and international TV channels<\/strong>, a vast<br \/>\n<strong>streaming movie catalog<\/strong>, and full access to <strong>TV Replay<\/strong><br \/>\nso you never miss your favourite shows.<\/p>\n<p style=\"color: #333;font-size: 16px\"><strong>Download our TV app<\/strong>, available on<br \/>\n<strong>Play Store<\/strong> and <strong>App Store<\/strong>.<br \/>\nYou can also connect directly on our <strong>WebTV<\/strong>.<br \/>\nEnjoy television on <strong>Mobile, Tablet, Smart TV, Computer<\/strong>,<br \/>\nor via a <strong>Android TV \/ Apple TV box<\/strong>.<\/p>\n<p><!-- Multi-device --><\/p>\n<div style=\"background: #f8f9ff;padding: 18px;border-radius: 10px;margin: 20px 0;border-left: 4px solid #667eea;color: #333\">\n<h3 style=\"margin: 0 0 8px;font-weight: 800;color: #667eea;font-size: 18px\">\ud83d\udc68\u200d\ud83d\udc69\u200d\ud83d\udc67\u200d\ud83d\udc66 One subscription, 5 simultaneous screens<\/h3>\n<p style=\"margin: 0;color: #333\">One subscription for <strong>the whole family<\/strong>. En d\u00e9placement ou dans votre canap\u00e9,<br \/>\nMondial TV+ vous accompagne partout !<\/p>\n<\/div>\n<p><!-- Avantages --><\/p>\n<h3 style=\"color: #667eea;font-weight: 800;margin-top: 22px;font-size: 18px\">\u2705 Mondial TV+ Annual benefits<\/h3>\n<ul style=\"padding-left: 0;margin: 14px 0;display: grid;gap: 10px;color: #333\">\n<li style=\"padding: 8px 12px;background: #f8f9ff;border-radius: 6px\">\u2713 <strong>+200 channels<\/strong> French &amp; international channels in HD<\/li>\n<li style=\"padding: 8px 12px;background: #f8f9ff;border-radius: 6px\">\u2713 <strong>+35 movies<\/strong> varied and quality content<\/li>\n<li style=\"padding: 8px 12px;background: #f8f9ff;border-radius: 6px\">\u2713 Full access to <strong>TV Replay<\/strong><\/li>\n<li style=\"padding: 8px 12px;background: #f8f9ff;border-radius: 6px\">\u2713 Compatible <strong>Smart TV, iOS, Android, PC, Tablet<\/strong><\/li>\n<li style=\"padding: 8px 12px;background: #f8f9ff;border-radius: 6px\">\u2713 <strong>5 simultaneous screens<\/strong> included<\/li>\n<li style=\"padding: 8px 12px;background: #f8f9ff;border-radius: 6px\">\u2713 Access to the <strong>WebTV<\/strong><\/li>\n<li style=\"padding: 8px 12px;background: #f8f9ff;border-radius: 6px\">\u2713 <strong>No commitment<\/strong> \u2022 Simple annual renewal<\/li>\n<\/ul>\n<p><!-- Avantage annuel --><\/p>\n<div style=\"background: linear-gradient(135deg, #fff9e6 0%, #fff3cd 100%);padding: 16px;border-radius: 10px;margin: 20px 0;border-left: 4px solid #FFD700;color: #333\">\n<p><strong style=\"color: #333\">\u2b50 Pourquoi choisir l&rsquo;abonnement annuel ?<\/strong><\/p>\n<p style=\"margin: 8px 0 0;font-size: 14px\">Id\u00e9al si vous savez que vous utiliserez Mondial TV+ r\u00e9guli\u00e8rement. Un seul paiement par an, et vous \u00eates tranquille !<\/p>\n<\/div>\n<p><!-- CTA --><\/p>\n<div style=\"text-align: center;margin-top: 24px\"><a style=\"background: linear-gradient(135deg, #667eea 0%, #764ba2 100%);color: #fff;padding: 14px 28px;border-radius: 30px;text-decoration: none;font-weight: bold;font-size: 17px;display: inline-block\" href=\"#\"><br \/>\n\ud83d\udcfa Souscrire \u00e0 Mondial TV+ Annuel \u2192<br \/>\n<\/a><\/div>\n<\/div>","protected":false},"excerpt":{"rendered":"<p><!-- ========== DESCRIPTION COURTE ========== --><\/p>\n<div class=\"woocommerce-product-details__short-description\" style=\"background: linear-gradient(135deg, #667eea 0%, #764ba2 100%);color: #fff !important;padding: 20px;border-radius: 12px;line-height: 1.7;font-family: 'Helvetica Neue', Arial, sans-serif;margin-bottom: 25px\">\n<p style=\"margin: 0 0 12px;color: #ffd700 !important;font-weight: bold;font-size: 17px\">\ud83d\udcfa Mondial TV+ Annuel \u2014 <span style=\"font-weight: 900;color: #fff !important\">79\u20ac\/an<\/span><br \/>\n<span style=\"font-size: 14px;opacity: 0.9\">(soit 6,58\u20ac\/mois)<\/span><\/p>\n<ul style=\"color: #fff !important;margin-bottom: 14px;padding-left: 18px\">\n<li style=\"color: #fff !important;margin-bottom: 6px\">\u2713 <strong>+200 TV channels<\/strong> French &amp; international<\/li>\n<li style=\"color: #fff !important;margin-bottom: 6px\">\u2713 <strong>+35 movies<\/strong> in HD streaming<\/li>\n<li style=\"color: #fff !important;margin-bottom: 6px\">\u2713 Full access to <strong>TV Replay<\/strong><\/li>\n<li style=\"color: #fff !important;margin-bottom: 6px\">\u2713 Compatible Smart TV, Mobile, Tablet, PC<\/li>\n<li style=\"color: #fff !important;margin-bottom: 6px\">\u2713 <strong>5 simultaneous screens<\/strong> \u2014 The whole family!<\/li>\n<\/ul>\n<p style=\"margin: 0;padding: 10px;border-radius: 8px;text-align: center\"><strong style=\"color: #ffd700 !important\">\u2b50 L&rsquo;offre id\u00e9ale pour les utilisateurs r\u00e9guliers<\/strong><\/p>\n<\/div>","protected":false},"featured_media":329239,"template":"","meta":[],"product_brand":[],"product_cat":[17,53],"product_tag":[44],"class_list":{"0":"post-615","1":"product","2":"type-product","3":"status-publish","4":"has-post-thumbnail","6":"product_cat-nos-offres","7":"product_cat-abonnement","8":"product_tag-nos-offres","10":"first","11":"instock","12":"virtual","13":"sold-individually","14":"taxable","15":"purchasable","16":"product-type-subscription"},"aioseo_notices":[],"jetpack_sharing_enabled":true,"_links":{"self":[{"href":"https:\/\/mondial.tv\/en\/wp-json\/wp\/v2\/product\/615","targetHints":{"allow":["GET"]}}],"collection":[{"href":"https:\/\/mondial.tv\/en\/wp-json\/wp\/v2\/product"}],"about":[{"href":"https:\/\/mondial.tv\/en\/wp-json\/wp\/v2\/types\/product"}],"wp:featuredmedia":[{"embeddable":true,"href":"https:\/\/mondial.tv\/en\/wp-json\/wp\/v2\/media\/329239"}],"wp:attachment":[{"href":"https:\/\/mondial.tv\/en\/wp-json\/wp\/v2\/media?parent=615"}],"wp:term":[{"taxonomy":"product_brand","embeddable":true,"href":"https:\/\/mondial.tv\/en\/wp-json\/wp\/v2\/product_brand?post=615"},{"taxonomy":"product_cat","embeddable":true,"href":"https:\/\/mondial.tv\/en\/wp-json\/wp\/v2\/product_cat?post=615"},{"taxonomy":"product_tag","embeddable":true,"href":"https:\/\/mondial.tv\/en\/wp-json\/wp\/v2\/product_tag?post=615"}],"curies":[{"name":"wp","href":"https:\/\/api.w.org\/{rel}","templated":true}]}}